{"id":54,"date":"2024-06-24T11:59:20","date_gmt":"2024-06-24T09:59:20","guid":{"rendered":"https:\/\/batresgenealogy.com\/br\/?page_id=54"},"modified":"2026-01-08T11:53:01","modified_gmt":"2026-01-08T10:53:01","slug":"contacte-nos","status":"publish","type":"page","link":"https:\/\/add-batres.com\/br\/contacte-nos\/","title":{"rendered":"Contacte-nos"},"content":{"rendered":"\t\t<div data-elementor-type=\"wp-page\" data-elementor-id=\"54\" class=\"elementor elementor-54\">\n\t\t\t\t<div class=\"elementor-element elementor-element-e1fc28e e-con-full e-flex e-con e-parent\" data-id=\"e1fc28e\" data-element_type=\"container\">\n\t\t<div class=\"elementor-element elementor-element-72326d9 e-con-full e-flex e-con e-child\" data-id=\"72326d9\" data-element_type=\"container\" data-settings=\"{&quot;background_background&quot;:&quot;classic&quot;}\">\n\t\t\t\t<div class=\"elementor-element elementor-element-1eb3576 elementor-widget__width-initial elementor-widget elementor-widget-heading\" data-id=\"1eb3576\" data-element_type=\"widget\" data-widget_type=\"heading.default\">\n\t\t\t\t<div class=\"elementor-widget-container\">\n\t\t\t\t\t<div class=\"elementor-heading-title elementor-size-default\">ADD Batres<\/div>\t\t\t\t<\/div>\n\t\t\t\t<\/div>\n\t\t\t\t<div class=\"elementor-element elementor-element-ac4a5d5 elementor-widget__width-initial elementor-widget elementor-widget-contact-info-widget\" data-id=\"ac4a5d5\" data-element_type=\"widget\" data-widget_type=\"contact-info-widget.default\">\n\t\t\t\t<div class=\"elementor-widget-container\">\n\t\t\t\t\t\n        <div class=\"contact-info-widget\">\n            <div class=\"contact-info-item\">\n                <i class=\"phone_icon\"><\/i>\n                <a href=\"tel:+541120350215\">TEL:(+54.11) 2035-0215<\/a>\n            <\/div>\n            <div class=\"contact-info-item\" style=\"display: none;\">\n                <i class=\"email_contact\"><\/i>\n                <a href=\"mailto:your.email@example.com\">your.email@example.com<\/a>\n            <\/div>\n            <div class=\"contact-info-item\">\n                <i class=\"map_contact\"><\/i>\n                <span>Maipu 1210, 8th floor C1006ACT\u00a0\nBuenos Aires ARGENTINA<\/span>\n            <\/div>\n                    <\/div>\n\n        <style>\n            .contact-info-widget {\n                color:#fff;\n                line-height: 1.6; font-weight: 400;\n                margin-left: 0;\n            }\n            .contact-info-item {\n                display: flex;\n                align-items: center;\n                margin-bottom: 45px;\n    \t\t\tmargin-top: 45px;\n            }\n            .contact-info-item i {\n                margin-right: 10px;\n                color: #fff;\n            }\n            .contact-info-item a {\n                color: #fff;\n                text-decoration: none;\n            }\n            .contact-info-item a:hover {\n                text-decoration: underline;\n            }\n            .contact-info-map {\n                margin-top: 35px;\n                padding-right: 15px;\n            }\n            .contact-info-map iframe {\n                width: 100%;\n                height:600px;\n                border: 0;\n            }\n        <\/style>\n\n        \t\t\t\t<\/div>\n\t\t\t\t<\/div>\n\t\t\t\t<div class=\"elementor-element elementor-element-2f55171 elementor-widget elementor-widget-image\" data-id=\"2f55171\" data-element_type=\"widget\" data-widget_type=\"image.default\">\n\t\t\t\t<div class=\"elementor-widget-container\">\n\t\t\t\t\t\t\t\t\t\t\t\t\t\t\t<img fetchpriority=\"high\" decoding=\"async\" width=\"481\" height=\"277\" src=\"https:\/\/add-batres.com\/br\/wp-content\/uploads\/2024\/07\/map.png\" class=\"attachment-large size-large wp-image-1203\" alt=\"\" srcset=\"https:\/\/add-batres.com\/br\/wp-content\/uploads\/2024\/07\/map.png 481w, https:\/\/add-batres.com\/br\/wp-content\/uploads\/2024\/07\/map-300x173.png 300w\" sizes=\"(max-width: 481px) 100vw, 481px\" \/>\t\t\t\t\t\t\t\t\t\t\t\t\t\t\t<\/div>\n\t\t\t\t<\/div>\n\t\t\t\t<\/div>\n\t\t<div class=\"elementor-element elementor-element-b30c684 e-con-full e-flex e-con e-child\" data-id=\"b30c684\" data-element_type=\"container\">\n\t\t\t\t<div class=\"elementor-element elementor-element-cb97ed3 elementor-widget__width-initial about-2  elementor-widget elementor-widget-text-editor\" data-id=\"cb97ed3\" data-element_type=\"widget\" data-widget_type=\"text-editor.default\">\n\t\t\t\t<div class=\"elementor-widget-container\">\n\t\t\t\t\t\t\t\t\t<div>\u00a0<\/div><h1>CONTACTE-NOS<\/h1><p>N\u00e3o hesite em contactar-nos se tiver alguma d\u00favida sobre a procura de um herdeiro, a obten\u00e7\u00e3o de dupla nacionalidade ou qualquer outra quest\u00e3o relacionada com a investiga\u00e7\u00e3o geneal\u00f3gica familiar. A nossa equipa est\u00e1 \u00e0 sua disposi\u00e7\u00e3o e ter\u00e1 todo o prazer em responder-lhe.<\/p>\t\t\t\t\t\t\t\t<\/div>\n\t\t\t\t<\/div>\n\t\t\t\t<div class=\"elementor-element elementor-element-118d08f elementor-widget elementor-widget-html\" data-id=\"118d08f\" data-element_type=\"widget\" data-widget_type=\"html.default\">\n\t\t\t\t<div class=\"elementor-widget-container\">\n\t\t\t\t\t\n<div class=\"wpcf7 no-js\" id=\"wpcf7-f1154-o1\" lang=\"fr-FR\" dir=\"ltr\" data-wpcf7-id=\"1154\">\n<div class=\"screen-reader-response\"><p role=\"status\" aria-live=\"polite\" aria-atomic=\"true\"><\/p> <ul><\/ul><\/div>\n<form action=\"\/br\/wp-json\/wp\/v2\/pages\/54#wpcf7-f1154-o1\" method=\"post\" class=\"wpcf7-form init\" aria-label=\"Formulaire de contact\" enctype=\"multipart\/form-data\" novalidate=\"novalidate\" data-status=\"init\">\n<fieldset class=\"hidden-fields-container\"><input type=\"hidden\" name=\"_wpcf7\" value=\"1154\" \/><input type=\"hidden\" name=\"_wpcf7_version\" value=\"6.1.1\" \/><input type=\"hidden\" name=\"_wpcf7_locale\" value=\"fr_FR\" \/><input type=\"hidden\" name=\"_wpcf7_unit_tag\" value=\"wpcf7-f1154-o1\" \/><input type=\"hidden\" name=\"_wpcf7_container_post\" value=\"0\" \/><input type=\"hidden\" name=\"_wpcf7_posted_data_hash\" value=\"\" \/><input type=\"hidden\" name=\"_wpcf7_recaptcha_response\" value=\"\" \/>\n<\/fieldset>\n<div id=\"contact-form-lex\">\n<small class=\"obligatoire\">(*) Campos obrigat\u00f3rios<\/small>\n  <p class=\"inline-group\">\n<label> \n    <span class=\"wpcf7-form-control-wrap\" data-name=\"last-name\"><input size=\"40\" maxlength=\"400\" class=\"wpcf7-form-control wpcf7-text wpcf7-validates-as-required\" autocomplete=\"name\" aria-required=\"true\" aria-invalid=\"false\" placeholder=\"SOBRENOME*\" value=\"\" type=\"text\" name=\"last-name\" \/><\/span> <\/label>\n<label> \n    <span class=\"wpcf7-form-control-wrap\" data-name=\"first-name\"><input size=\"40\" maxlength=\"400\" class=\"wpcf7-form-control wpcf7-text wpcf7-validates-as-required\" autocomplete=\"name\" aria-required=\"true\" aria-invalid=\"false\" placeholder=\"PRIMEIRO NOME*\" value=\"\" type=\"text\" name=\"first-name\" \/><\/span> <\/label>\n<\/p>\n<p class=\"inline-group\">\n<label> \n    <span class=\"wpcf7-form-control-wrap\" data-name=\"your-email\"><input size=\"40\" maxlength=\"400\" class=\"wpcf7-form-control wpcf7-email wpcf7-validates-as-required wpcf7-text wpcf7-validates-as-email\" autocomplete=\"email\" aria-required=\"true\" aria-invalid=\"false\" placeholder=\"EMAIL*\" value=\"\" type=\"email\" name=\"your-email\" \/><\/span> <\/label>\n<label> \n<span class=\"wpcf7-form-control-wrap\" data-name=\"phone\"><input size=\"40\" maxlength=\"400\" class=\"wpcf7-form-control wpcf7-tel wpcf7-validates-as-required wpcf7-text wpcf7-validates-as-tel\" aria-required=\"true\" aria-invalid=\"false\" placeholder=\"TELEFONE*\" value=\"\" type=\"tel\" name=\"phone\" \/><\/span><\/label>\n<\/p>\n<label>\n\n  <p>\n<label>\n<span class=\"wpcf7-form-control-wrap\" data-name=\"text-737\"><input size=\"40\" maxlength=\"400\" class=\"wpcf7-form-control wpcf7-text wpcf7-validates-as-required\" aria-required=\"true\" aria-invalid=\"false\" placeholder=\"Pais de resid\u00eancia*\" value=\"\" type=\"text\" name=\"text-737\" \/><\/span>\n<label> \n<\/p>\n\n<span class=\"wpcf7-form-control-wrap\" data-name=\"your-recipient\"><select class=\"wpcf7-form-control wpcf7-select\" aria-invalid=\"false\" name=\"your-recipient\"><option value=\"Sou um profissional que busca herdeiros na Am\u00e9rica do Sul\">Sou um profissional que busca herdeiros na Am\u00e9rica do Sul<\/option><option value=\"Preciso de assist\u00eancia para localizar um documento\">Preciso de assist\u00eancia para localizar um documento<\/option><option value=\"Os Servi\u00e7os de Genealogia de ADD Batres entraram em contato comigo\">Os Servi\u00e7os de Genealogia de ADD Batres entraram em contato comigo<\/option><option value=\"Eu preciso de pesquisa geneal\u00f3gica familiar\">Eu preciso de pesquisa geneal\u00f3gica familiar<\/option><option value=\"Outro\">Outro<\/option><\/select><\/span>\n\n<div id=\"citoyennete-options\" style=\"display:none; margin-top:15px;\">\n  <label>\n  <span class=\"wpcf7-form-control-wrap\" data-name=\"besoin-citoyennete\"><select class=\"wpcf7-form-control wpcf7-select js-choices\" aria-invalid=\"false\" name=\"besoin-citoyennete\"><option value=\"Preciso de aconselhamento para saber se posso obter a cidadania europeia.\">Preciso de aconselhamento para saber se posso obter a cidadania europeia.<\/option><option value=\"Preciso de ajuda para obter documentos familiares relacionados com o pedido de cidadania europeia.\">Preciso de ajuda para obter documentos familiares relacionados com o pedido de cidadania europeia.<\/option><option value=\"Ambos\">Ambos<\/option><\/select><\/span>\n\n  <\/label>\n<\/div>\n<\/label>\n<input class=\"wpcf7-form-control wpcf7-hidden\" value=\"\" type=\"hidden\" name=\"your-subject-hidden\" \/>\n<p class=\"inline-group-full\">\n<label> \n    <span class=\"wpcf7-form-control-wrap\" data-name=\"your-message\"><textarea cols=\"40\" rows=\"10\" maxlength=\"2000\" class=\"wpcf7-form-control wpcf7-textarea\" aria-invalid=\"false\" placeholder=\"SUA MENSAGEM*\" name=\"your-message\"><\/textarea><\/span> <\/label>\n\n<span class=\"wpcf7-form-control-wrap\" data-name=\"fichier\"><input size=\"40\" class=\"wpcf7-form-control wpcf7-file\" accept=\".doc,.docx,.pdf,.png,.jpeg\" aria-invalid=\"false\" type=\"file\" name=\"fichier\" \/><\/span>\n<div class=\"contrainer-file\">\n<div class=\"column left\">\n<span class=\"custom-file-upload-wrapper\">\n<button type=\"button\" class=\"custom-file-upload\"><i class=\"fas fa-plus\"><\/i>ANEXAR UM ARQUIVO<\/button>\n<input type=\"file\" name=\"your-file\" style=\"display:none;\">\n<\/span>\n<\/div>\n <div class=\"column right files-opt\">Voc\u00ea pode anexar um arquivo nos formatos .zip, Excel, Word, PNG e JPEG. Certifique-se de que o tamanho do arquivo n\u00e3o exceda 5 MB.<\/div>\n<\/div>\n<span class=\"wpcf7-form-control-wrap\" data-name=\"acceptance-658\"><span class=\"wpcf7-form-control wpcf7-acceptance\"><span class=\"wpcf7-list-item\"><label><input type=\"checkbox\" name=\"acceptance-658\" value=\"1\" aria-invalid=\"false\" \/><span class=\"wpcf7-list-item-label\">Ao marcar esta caixa, voc\u00ea concorda que os ADD Batres coletem e processem seus dados pessoais no contexto de sua atividade de busca de herdeiros, de acordo com sua pol\u00edtica de privacidade.  Se voc\u00ea \u00e9 cidad\u00e3o da Uni\u00e3o Europeia, seus direitos s\u00e3o garantidos pelo Regulamento Geral de Prote\u00e7\u00e3o de Dados (GDPR), que lhe concede direitos adicionais no controle de seus dados pessoais.<\/span><\/label><\/span><\/span><\/span>\n<\/p>\n<input class=\"wpcf7-form-control wpcf7-submit has-spinner\" type=\"submit\" value=\"ENVIAR MENSAGEM\" \/>\n<\/div>\n<script type=\"text\/javascript\">\ndocument.addEventListener('DOMContentLoaded', function() {\n    var selectElement = document.querySelector('[name=\"your-recipient\"]');\n    var hiddenField = document.querySelector('[name=\"your-subject-hidden\"]');\n\n    selectElement.addEventListener('change', function() {\n        hiddenField.value = selectElement.options[selectElement.selectedIndex].text.split('|')[0];\n    });\n});\n<\/script><div class=\"wpcf7-response-output\" aria-hidden=\"true\"><\/div>\n<\/form>\n<\/div>\n\t\t\t\t<\/div>\n\t\t\t\t<\/div>\n\t\t\t\t<\/div>\n\t\t\t\t<\/div>\n\t\t\t\t<\/div>\n\t\t","protected":false},"excerpt":{"rendered":"<p>ADD Batres TEL:(+54.11) 2035-0215 your.email@example.com Maipu 1210, 8th floor C1006ACT\u00a0 Buenos Aires ARGENTINA \u00a0 CONTACTE-NOS N\u00e3o hesite em contactar-nos se tiver alguma d\u00favida sobre a procura de um herdeiro, a obten\u00e7\u00e3o de dupla nacionalidade ou qualquer outra quest\u00e3o relacionada com a investiga\u00e7\u00e3o geneal\u00f3gica familiar. A nossa equipa est\u00e1 \u00e0 sua disposi\u00e7\u00e3o e ter\u00e1 todo o [&hellip;]<\/p>\n","protected":false},"author":1,"featured_media":0,"parent":0,"menu_order":0,"comment_status":"closed","ping_status":"closed","template":"page-templates\/full-home.php","meta":{"inline_featured_image":false,"footnotes":""},"class_list":["post-54","page","type-page","status-publish","hentry"],"yoast_head":"<!-- This site is optimized with the Yoast SEO plugin v25.4 - https:\/\/yoast.com\/wordpress\/plugins\/seo\/ -->\n<title>Entre em contato com nossos especialistas em investiga\u00e7\u00e3o geneal\u00f3gica e busca de herdeiros<\/title>\n<meta name=\"description\" content=\"Entre em contato conosco para tirar d\u00favidas sobre a busca de herdeiros, obten\u00e7\u00e3o de dupla cidadania ou qualquer outra d\u00favida relacionada \u00e0 investiga\u00e7\u00e3o geneal\u00f3gica da fam\u00edlia.\" \/>\n<meta name=\"robots\" content=\"noindex, follow, max-snippet:-1, max-image-preview:large, max-video-preview:-1\" \/>\n<meta property=\"og:locale\" content=\"en_US\" \/>\n<meta property=\"og:type\" content=\"article\" \/>\n<meta property=\"og:title\" content=\"Entre em contato com nossos especialistas em investiga\u00e7\u00e3o geneal\u00f3gica e busca de herdeiros\" \/>\n<meta property=\"og:description\" content=\"Entre em contato conosco para tirar d\u00favidas sobre a busca de herdeiros, obten\u00e7\u00e3o de dupla cidadania ou qualquer outra d\u00favida relacionada \u00e0 investiga\u00e7\u00e3o geneal\u00f3gica da fam\u00edlia.\" \/>\n<meta property=\"og:url\" content=\"https:\/\/add-batres.com\/br\/contacte-nos\/\" \/>\n<meta property=\"og:site_name\" content=\"ADD Batres\" \/>\n<meta property=\"article:modified_time\" content=\"2026-01-08T10:53:01+00:00\" \/>\n<meta property=\"og:image\" content=\"https:\/\/add-batres.com\/br\/wp-content\/uploads\/2024\/07\/map.png\" \/>\n<meta name=\"twitter:card\" content=\"summary_large_image\" \/>\n<meta name=\"twitter:label1\" content=\"Est. reading time\" \/>\n\t<meta name=\"twitter:data1\" content=\"1 minute\" \/>\n<script type=\"application\/ld+json\" class=\"yoast-schema-graph\">{\"@context\":\"https:\/\/schema.org\",\"@graph\":[{\"@type\":\"WebPage\",\"@id\":\"https:\/\/add-batres.com\/br\/contacte-nos\/\",\"url\":\"https:\/\/add-batres.com\/br\/contacte-nos\/\",\"name\":\"Entre em contato com nossos especialistas em investiga\u00e7\u00e3o geneal\u00f3gica e busca de herdeiros\",\"isPartOf\":{\"@id\":\"https:\/\/add-batres.com\/br\/#website\"},\"primaryImageOfPage\":{\"@id\":\"https:\/\/add-batres.com\/br\/contacte-nos\/#primaryimage\"},\"image\":{\"@id\":\"https:\/\/add-batres.com\/br\/contacte-nos\/#primaryimage\"},\"thumbnailUrl\":\"https:\/\/add-batres.com\/br\/wp-content\/uploads\/2024\/07\/map.png\",\"datePublished\":\"2024-06-24T09:59:20+00:00\",\"dateModified\":\"2026-01-08T10:53:01+00:00\",\"description\":\"Entre em contato conosco para tirar d\u00favidas sobre a busca de herdeiros, obten\u00e7\u00e3o de dupla cidadania ou qualquer outra d\u00favida relacionada \u00e0 investiga\u00e7\u00e3o geneal\u00f3gica da fam\u00edlia.\",\"breadcrumb\":{\"@id\":\"https:\/\/add-batres.com\/br\/contacte-nos\/#breadcrumb\"},\"inLanguage\":\"en-US\",\"potentialAction\":[{\"@type\":\"ReadAction\",\"target\":[\"https:\/\/add-batres.com\/br\/contacte-nos\/\"]}]},{\"@type\":\"ImageObject\",\"inLanguage\":\"en-US\",\"@id\":\"https:\/\/add-batres.com\/br\/contacte-nos\/#primaryimage\",\"url\":\"https:\/\/add-batres.com\/br\/wp-content\/uploads\/2024\/07\/map.png\",\"contentUrl\":\"https:\/\/add-batres.com\/br\/wp-content\/uploads\/2024\/07\/map.png\",\"width\":481,\"height\":277},{\"@type\":\"BreadcrumbList\",\"@id\":\"https:\/\/add-batres.com\/br\/contacte-nos\/#breadcrumb\",\"itemListElement\":[{\"@type\":\"ListItem\",\"position\":1,\"name\":\"Accueil\",\"item\":\"https:\/\/add-batres.com\/br\/\"},{\"@type\":\"ListItem\",\"position\":2,\"name\":\"Contacte-nos\"}]},{\"@type\":\"WebSite\",\"@id\":\"https:\/\/add-batres.com\/br\/#website\",\"url\":\"https:\/\/add-batres.com\/br\/\",\"name\":\"ADD Batres\",\"description\":\"\",\"publisher\":{\"@id\":\"https:\/\/add-batres.com\/br\/#organization\"},\"potentialAction\":[{\"@type\":\"SearchAction\",\"target\":{\"@type\":\"EntryPoint\",\"urlTemplate\":\"https:\/\/add-batres.com\/br\/?s={search_term_string}\"},\"query-input\":{\"@type\":\"PropertyValueSpecification\",\"valueRequired\":true,\"valueName\":\"search_term_string\"}}],\"inLanguage\":\"en-US\"},{\"@type\":\"Organization\",\"@id\":\"https:\/\/add-batres.com\/br\/#organization\",\"name\":\"ADD Batres\",\"url\":\"https:\/\/add-batres.com\/br\/\",\"logo\":{\"@type\":\"ImageObject\",\"inLanguage\":\"en-US\",\"@id\":\"https:\/\/add-batres.com\/br\/#\/schema\/logo\/image\/\",\"url\":\"https:\/\/add-batres.com\/br\/wp-content\/uploads\/2025\/12\/add_batres_logo.svg\",\"contentUrl\":\"https:\/\/add-batres.com\/br\/wp-content\/uploads\/2025\/12\/add_batres_logo.svg\",\"width\":671,\"height\":303,\"caption\":\"ADD Batres\"},\"image\":{\"@id\":\"https:\/\/add-batres.com\/br\/#\/schema\/logo\/image\/\"}}]}<\/script>\n<!-- \/ Yoast SEO plugin. -->","yoast_head_json":{"title":"Entre em contato com nossos especialistas em investiga\u00e7\u00e3o geneal\u00f3gica e busca de herdeiros","description":"Entre em contato conosco para tirar d\u00favidas sobre a busca de herdeiros, obten\u00e7\u00e3o de dupla cidadania ou qualquer outra d\u00favida relacionada \u00e0 investiga\u00e7\u00e3o geneal\u00f3gica da fam\u00edlia.","robots":{"index":"noindex","follow":"follow","max-snippet":"max-snippet:-1","max-image-preview":"max-image-preview:large","max-video-preview":"max-video-preview:-1"},"og_locale":"en_US","og_type":"article","og_title":"Entre em contato com nossos especialistas em investiga\u00e7\u00e3o geneal\u00f3gica e busca de herdeiros","og_description":"Entre em contato conosco para tirar d\u00favidas sobre a busca de herdeiros, obten\u00e7\u00e3o de dupla cidadania ou qualquer outra d\u00favida relacionada \u00e0 investiga\u00e7\u00e3o geneal\u00f3gica da fam\u00edlia.","og_url":"https:\/\/add-batres.com\/br\/contacte-nos\/","og_site_name":"ADD Batres","article_modified_time":"2026-01-08T10:53:01+00:00","og_image":[{"url":"https:\/\/add-batres.com\/br\/wp-content\/uploads\/2024\/07\/map.png","type":"","width":"","height":""}],"twitter_card":"summary_large_image","twitter_misc":{"Est. reading time":"1 minute"},"schema":{"@context":"https:\/\/schema.org","@graph":[{"@type":"WebPage","@id":"https:\/\/add-batres.com\/br\/contacte-nos\/","url":"https:\/\/add-batres.com\/br\/contacte-nos\/","name":"Entre em contato com nossos especialistas em investiga\u00e7\u00e3o geneal\u00f3gica e busca de herdeiros","isPartOf":{"@id":"https:\/\/add-batres.com\/br\/#website"},"primaryImageOfPage":{"@id":"https:\/\/add-batres.com\/br\/contacte-nos\/#primaryimage"},"image":{"@id":"https:\/\/add-batres.com\/br\/contacte-nos\/#primaryimage"},"thumbnailUrl":"https:\/\/add-batres.com\/br\/wp-content\/uploads\/2024\/07\/map.png","datePublished":"2024-06-24T09:59:20+00:00","dateModified":"2026-01-08T10:53:01+00:00","description":"Entre em contato conosco para tirar d\u00favidas sobre a busca de herdeiros, obten\u00e7\u00e3o de dupla cidadania ou qualquer outra d\u00favida relacionada \u00e0 investiga\u00e7\u00e3o geneal\u00f3gica da fam\u00edlia.","breadcrumb":{"@id":"https:\/\/add-batres.com\/br\/contacte-nos\/#breadcrumb"},"inLanguage":"en-US","potentialAction":[{"@type":"ReadAction","target":["https:\/\/add-batres.com\/br\/contacte-nos\/"]}]},{"@type":"ImageObject","inLanguage":"en-US","@id":"https:\/\/add-batres.com\/br\/contacte-nos\/#primaryimage","url":"https:\/\/add-batres.com\/br\/wp-content\/uploads\/2024\/07\/map.png","contentUrl":"https:\/\/add-batres.com\/br\/wp-content\/uploads\/2024\/07\/map.png","width":481,"height":277},{"@type":"BreadcrumbList","@id":"https:\/\/add-batres.com\/br\/contacte-nos\/#breadcrumb","itemListElement":[{"@type":"ListItem","position":1,"name":"Accueil","item":"https:\/\/add-batres.com\/br\/"},{"@type":"ListItem","position":2,"name":"Contacte-nos"}]},{"@type":"WebSite","@id":"https:\/\/add-batres.com\/br\/#website","url":"https:\/\/add-batres.com\/br\/","name":"ADD Batres","description":"","publisher":{"@id":"https:\/\/add-batres.com\/br\/#organization"},"potentialAction":[{"@type":"SearchAction","target":{"@type":"EntryPoint","urlTemplate":"https:\/\/add-batres.com\/br\/?s={search_term_string}"},"query-input":{"@type":"PropertyValueSpecification","valueRequired":true,"valueName":"search_term_string"}}],"inLanguage":"en-US"},{"@type":"Organization","@id":"https:\/\/add-batres.com\/br\/#organization","name":"ADD Batres","url":"https:\/\/add-batres.com\/br\/","logo":{"@type":"ImageObject","inLanguage":"en-US","@id":"https:\/\/add-batres.com\/br\/#\/schema\/logo\/image\/","url":"https:\/\/add-batres.com\/br\/wp-content\/uploads\/2025\/12\/add_batres_logo.svg","contentUrl":"https:\/\/add-batres.com\/br\/wp-content\/uploads\/2025\/12\/add_batres_logo.svg","width":671,"height":303,"caption":"ADD Batres"},"image":{"@id":"https:\/\/add-batres.com\/br\/#\/schema\/logo\/image\/"}}]}},"_links":{"self":[{"href":"https:\/\/add-batres.com\/br\/wp-json\/wp\/v2\/pages\/54","targetHints":{"allow":["GET"]}}],"collection":[{"href":"https:\/\/add-batres.com\/br\/wp-json\/wp\/v2\/pages"}],"about":[{"href":"https:\/\/add-batres.com\/br\/wp-json\/wp\/v2\/types\/page"}],"author":[{"embeddable":true,"href":"https:\/\/add-batres.com\/br\/wp-json\/wp\/v2\/users\/1"}],"replies":[{"embeddable":true,"href":"https:\/\/add-batres.com\/br\/wp-json\/wp\/v2\/comments?post=54"}],"version-history":[{"count":135,"href":"https:\/\/add-batres.com\/br\/wp-json\/wp\/v2\/pages\/54\/revisions"}],"predecessor-version":[{"id":2873,"href":"https:\/\/add-batres.com\/br\/wp-json\/wp\/v2\/pages\/54\/revisions\/2873"}],"wp:attachment":[{"href":"https:\/\/add-batres.com\/br\/wp-json\/wp\/v2\/media?parent=54"}],"curies":[{"name":"wp","href":"https:\/\/api.w.org\/{rel}","templated":true}]}}