{"id":3,"date":"2024-06-20T15:51:26","date_gmt":"2024-06-20T13:51:26","guid":{"rendered":"https:\/\/batresgenealogy.com\/br\/?page_id=3"},"modified":"2026-02-04T10:43:48","modified_gmt":"2026-02-04T09:43:48","slug":"politica-de-privacidade","status":"publish","type":"page","link":"https:\/\/add-batres.com\/br\/politica-de-privacidade\/","title":{"rendered":"Pol\u00edtica de privacidade"},"content":{"rendered":"\t\t<div data-elementor-type=\"wp-page\" data-elementor-id=\"3\" class=\"elementor elementor-3\">\n\t\t\t\t<div class=\"elementor-element elementor-element-1ea45b6b e-flex e-con-boxed e-con e-parent\" data-id=\"1ea45b6b\" data-element_type=\"container\">\n\t\t\t\t\t<div class=\"e-con-inner\">\n\t\t\t\t<div class=\"elementor-element elementor-element-56c5d75f elementor-widget elementor-widget-text-editor\" data-id=\"56c5d75f\" data-element_type=\"widget\" data-widget_type=\"text-editor.default\">\n\t\t\t\t<div class=\"elementor-widget-container\">\n\t\t\t\t\t\t\t\t\t\n<p>Esta pol\u00edtica de privacidade define as condi\u00e7\u00f5es sob as quais a ADD Batres coleta e processa as informa\u00e7\u00f5es fornecidas por seus usu\u00e1rios quando eles usam o formul\u00e1rio de contato que voc\u00ea nos envia por meio do site <a href=\"https:\/\/add-batres.com\/br\/\">add-batres.com<\/a>.<\/p>\n\n<p>O usu\u00e1rio declara ter lido, compreendido e aceito expressamente todos os termos deste documento. Em caso de d\u00favidas, ou se desejar retificar, excluir ou contestar seus dados pessoais, entre em contato com <a href=\"mailto:datospersonales@add-batres.com\">datospersonales@add-batres.com<\/a>.<\/p>\n\n<p>Esta pol\u00edtica de privacidade pode ser atualizada ao longo do tempo, portanto, recomendamos que voc\u00ea visite periodicamente nosso site para garantir que concorda com quaisquer altera\u00e7\u00f5es.<\/p>\n\n<p><strong>Uso das informa\u00e7\u00f5es coletadas<\/strong><\/p>\n\n<p>Nosso site pode coletar informa\u00e7\u00f5es pessoais, como nome, n\u00famero de telefone, idade, detalhes de contato, como endere\u00e7o de e-mail, sistema operacional usado e informa\u00e7\u00f5es demogr\u00e1ficas. Al\u00e9m disso, quando necess\u00e1rio, informa\u00e7\u00f5es espec\u00edficas podem ser solicitadas para processar um pedido ou para efetuar a entrega ou o faturamento. Todas as informa\u00e7\u00f5es pessoais fornecidas pelo Usu\u00e1rio aos Servi\u00e7os de Genealogia da Batres ser\u00e3o usadas para fins de registro e para responder a perguntas. Cada Usu\u00e1rio \u00e9 respons\u00e1vel por atualizar e garantir a validade das informa\u00e7\u00f5es pessoais fornecidas. Quando o usu\u00e1rio preenche um formul\u00e1rio de contato no site, coletamos seu nome e endere\u00e7o de e-mail. Quando voc\u00ea entra em contato conosco por e-mail, coletamos todas as informa\u00e7\u00f5es pessoais que voc\u00ea fornece voluntariamente em rela\u00e7\u00e3o a essa comunica\u00e7\u00e3o e \u00e0 possibilidade de resolver sua quest\u00e3o geneal\u00f3gica.<\/p>\n\n<p><strong>Se voc\u00ea \u00e9 cidad\u00e3o da Uni\u00e3o Europeia<\/strong>, tem os seguintes direitos: Todos devem ter controle sobre seus dados pessoais. Isso \u00e9 garantido pelos direitos conferidos pelos direitos ARCO (Acesso, Retifica\u00e7\u00e3o, Cancelamento e Oposi\u00e7\u00e3o), regulamentados pela Lei Org\u00e2nica de Prote\u00e7\u00e3o de Dados (LOPD). Com a recente apari\u00e7\u00e3o do Regulamento Geral de Prote\u00e7\u00e3o de Dados (GDPR), esses direitos foram ampliados.<\/p>\n\n<p><strong>Quais s\u00e3o meus direitos de acordo com as normas de prote\u00e7\u00e3o de dados ?<\/strong><\/p>\n\n<p>A Lei Org\u00e2nica 15\/1999, de 13 de dezembro, sobre a prote\u00e7\u00e3o de dados pessoais, e o Real Decreto 1720\/2007, de 21 de dezembro, que aprova seu regulamento de execu\u00e7\u00e3o, concedem a todos os indiv\u00edduos uma s\u00e9rie de direitos que lhes permitem controlar como as empresas e as administra\u00e7\u00f5es p\u00fablicas usam seus dados pessoais. Esses direitos s\u00e3o os direitos de acesso, retifica\u00e7\u00e3o, cancelamento e oposi\u00e7\u00e3o (doravante denominados &#8220;direitos ARCO&#8221;). Os direitos ARCO podem ser exercidos pelo titular dos dados (ou seu representante legal) junto \u00e0 entidade que processa os dados, ou seja, o controlador de dados. Abaixo, explicamos como voc\u00ea pode exercer seus direitos com rela\u00e7\u00e3o aos dados processados nos arquivos do ADD Batres.<\/p>\n\n<p><strong>Qual \u00e9 o objetivo do direito de acesso ?<\/strong><\/p>\n\n<p>\u00c9 o direito de obter informa\u00e7\u00f5es sobre os dados processados, a finalidade desse processamento, a origem dos dados e as comunica\u00e7\u00f5es feitas ou planejadas para esses dados. O direito de acesso \u00e9 usado para descobrir quais dados relativos a voc\u00ea foram inclu\u00eddos nos arquivos do ADD Batres, para que s\u00e3o usados e onde foram obtidos.<\/p>\n\n<p><strong>Direito de acesso. Quais s\u00e3o os direitos de retifica\u00e7\u00e3o e cancelamento ?<\/strong><\/p>\n\n<p>Se considerar que seus dados est\u00e3o imprecisos ou incompletos, voc\u00ea pode solicitar que eles sejam retificados ou, quando apropriado, cancelados (ou seja, que paremos de us\u00e1-los).<\/p>\n\n<p><strong>Quando posso me opor ao processamento de meus dados ?<\/strong><\/p>\n\n<p>O direito de obje\u00e7\u00e3o pode ser exercido para solicitar que n\u00e3o prossigamos com determinado processamento de seus dados pessoais. Dessa forma, voc\u00ea pode solicitar que n\u00e3o lhe enviemos boletins informativos ou informa\u00e7\u00f5es sobre nossas atividades.<\/p>\n\n<p><strong>Como fa\u00e7o essa solicita\u00e7\u00e3o ?<\/strong><\/p>\n\n<p>Sua solicita\u00e7\u00e3o deve ser enviada ao Diretor de Prote\u00e7\u00e3o de Dados (DPO) da ADD Batres por e-mail para <a href=\"mailto:datospersonales@add-batres.com\">datospersonales@add-batres.com<\/a>. Voc\u00ea deve anexar uma c\u00f3pia de seu documento de identidade para verificar sua identidade.<\/p>\n\n<p><strong>Quem pode exercer os direitos da ARCO ?<\/strong><\/p>\n\n<p>O exerc\u00edcio desses direitos \u00e9 pessoal, portanto, somente a pessoa interessada (ela mesma ou por meio de seu representante legal) pode solicitar o exerc\u00edcio desses direitos.<\/p>\n\n<p><strong>Como sua solicita\u00e7\u00e3o ser\u00e1 processada ?<\/strong><\/p>\n\n<p>As solicita\u00e7\u00f5es ser\u00e3o examinadas pelo nosso DPO, que solicitar\u00e1 a colabora\u00e7\u00e3o dos departamentos relevantes para lhe dar acesso aos seus dados, cancel\u00e1-los, retific\u00e1-los ou limitar seu processamento.<\/p>\n\n<p>RGPD Conforme mencionado acima, o novo regulamento amplia esses direitos.<\/p>\n\n<p><strong>Direito \u00e0 portabilidade de dados <\/strong><\/p>\n\n<p>Trata-se da transfer\u00eancia da portabilidade da telefonia m\u00f3vel para o mundo da privacidade. Esse direito \u00e9 caracterizado pela possibilidade de solicitar que o controlador de dados forne\u00e7a dados pessoais em um formato estruturado e claro a outro controlador de dados.<\/p>\n\n<p><strong>Direito de ser esquecido <\/strong><\/p>\n\n<p>Envolve a exclus\u00e3o imediata dos dados pessoais do titular dos dados, desde que esses dados :<\/p>\n\n<p>&#8211; os dados n\u00e3o sejam mais necess\u00e1rios para a finalidade pretendida<\/p>\n\n<p>&#8211; o consentimento seja retirado<\/p>\n\n<p>&#8211; o direito de obje\u00e7\u00e3o seja exercido ou os dados sejam processados ilegalmente<\/p>\n\n<p>&#8211; uma das seguintes circunst\u00e2ncias se aplique :<\/p>\n\n<ol class=\"wp-block-list\" start=\"1\">\n<li>Os dados pessoais n\u00e3o s\u00e3o mais necess\u00e1rios para os fins para os quais foram coletados ou processados.<\/li>\n\n<li>O titular dos dados retira o consentimento no qual o processamento se baseia, e esse consentimento n\u00e3o se baseia em nenhum outro fundamento legal.<\/li>\n\n<li>O titular dos dados se op\u00f5e ao processamento em virtude do direito de obje\u00e7\u00e3o, por motivos particulares ou de marketing, e n\u00e3o h\u00e1 outros motivos leg\u00edtimos para o processamento<\/li>\n\n<li>Os dados pessoais foram processados ilegalmente<\/li>\n\n<li>Os dados pessoais devem ser exclu\u00eddos para o cumprimento de uma obriga\u00e7\u00e3o legal<\/li>\n\n<li>Os dados pessoais foram obtidos como parte do fornecimento de servi\u00e7os da sociedade da informa\u00e7\u00e3o<\/li>\n<\/ol>\n\n<p><strong>Coleta autom\u00e1tica de dados e informa\u00e7\u00f5es an\u00f4nimas <\/strong><\/p>\n\n<p>As informa\u00e7\u00f5es que <a href=\"https:\/\/www.add-batres.com\">add-batres.com<\/a> \/ coletam automaticamente quando voc\u00ea interage conosco s\u00e3o chamadas de &#8220;informa\u00e7\u00f5es an\u00f4nimas&#8221; ou n\u00e3o est\u00e3o associadas \u00e0s suas informa\u00e7\u00f5es pessoais. Essa troca autom\u00e1tica de dados entre o seu navegador e o nosso servidor nos informa sobre o navegador que voc\u00ea usa, a data e a hora da sua visita, o nome do seu provedor de servi\u00e7os de Internet (ISP), o site que voc\u00ea usa para nos visitar e os sites que voc\u00ea visita. Podemos usar essas informa\u00e7\u00f5es an\u00f4nimas para fins internos, como manter nossa capacidade operacional, impedir o acesso fraudulento ao nosso servi\u00e7o de pedidos ou analisar padr\u00f5es de uso para aprimorar nosso site. Tamb\u00e9m nos reservamos o direito de usar e divulgar qualquer informa\u00e7\u00e3o an\u00f4nima a nosso crit\u00e9rio, embora voc\u00ea permane\u00e7a an\u00f4nimo como usu\u00e1rio.<\/p>\n\n<p><strong>Google Analytics <\/strong><\/p>\n\n<p>O site <a href=\"https:\/\/www.add-batres.com\">add-batres.com<\/a> \/\u00a0usa o Google Analytics, um servi\u00e7o de an\u00e1lise da Web fornecido pelo Google Inc (&#8220;Google&#8221;). O Google usa cookies para ajudar o site a analisar como os usu\u00e1rios usam o site. Ao usar este site, voc\u00ea consente com o processamento de dados sobre voc\u00ea pelo Google da maneira e para os fins definidos acima. Como o Google usa cookies, voc\u00ea pode redefinir seu navegador para rejeitar todos os cookies ou para indicar quando um cookie est\u00e1 sendo enviado.<\/p>\n\n<p><strong>Links para outros sites <\/strong><\/p>\n\n<p>O Site pode conter links para outros sites (v\u00eddeos) que <a href=\"https:\/\/www.add-batres.com\">add-batres.com<\/a> \/  n\u00e3o possui ou controla. Esses links s\u00e3o fornecidos para sua conveni\u00eancia e n\u00e3o implicam em nosso endosso a esses sites, sua localiza\u00e7\u00e3o ou seu conte\u00fado. N\u00e3o temos controle e n\u00e3o somos respons\u00e1veis pelas pol\u00edticas de privacidade ou pelo conte\u00fado publicado nesses outros sites. Observe que os termos de nossa Pol\u00edtica de Privacidade n\u00e3o se aplicam a sites externos.<\/p>\n\n<p><strong>Controle de suas informa\u00e7\u00f5es pessoais<\/strong><\/p>\n\n<p>A qualquer momento, voc\u00ea pode restringir a coleta ou o uso das informa\u00e7\u00f5es pessoais fornecidas ao nosso site. Sempre que lhe for solicitado o preenchimento de um formul\u00e1rio, voc\u00ea poder\u00e1 marcar ou desmarcar a op\u00e7\u00e3o de receber informa\u00e7\u00f5es por e-mail. Caso tenha optado por receber nosso boletim informativo ou publicidade, voc\u00ea poder\u00e1 cancelar a assinatura a qualquer momento. Esta empresa n\u00e3o vender\u00e1, transferir\u00e1 ou distribuir\u00e1 nenhuma informa\u00e7\u00e3o pessoal coletada sem o seu consentimento, a menos que seja obrigada a faz\u00ea-lo por ordem judicial. Reservamo-nos o direito de alterar os termos desta pol\u00edtica de privacidade a qualquer momento.<\/p>\n\t\t\t\t\t\t\t\t<\/div>\n\t\t\t\t<\/div>\n\t\t\t\t\t<\/div>\n\t\t\t\t<\/div>\n\t\t\t\t<\/div>\n\t\t","protected":false},"excerpt":{"rendered":"<p>Esta pol\u00edtica de privacidade define as condi\u00e7\u00f5es sob as quais a ADD Batres coleta e processa as informa\u00e7\u00f5es fornecidas por seus usu\u00e1rios quando eles usam o formul\u00e1rio de contato que voc\u00ea nos envia por meio do site add-batres.com. O usu\u00e1rio declara ter lido, compreendido e aceito expressamente todos os termos deste documento. Em caso de [&hellip;]<\/p>\n","protected":false},"author":1,"featured_media":0,"parent":0,"menu_order":0,"comment_status":"closed","ping_status":"open","template":"page-templates\/full-legal.php","meta":{"inline_featured_image":false,"footnotes":""},"class_list":["post-3","page","type-page","status-publish","hentry"],"yoast_head":"<!-- This site is optimized with the Yoast SEO plugin v25.4 - https:\/\/yoast.com\/wordpress\/plugins\/seo\/ -->\n<title>Pol\u00edtica de privacidade - Add Batres Genealogy Services<\/title>\n<meta name=\"description\" content=\"Consulte nossa pol\u00edtica para saber mais sobre como coletamos, usamos e protegemos seus dados.\" \/>\n<meta name=\"robots\" content=\"noindex, follow, max-snippet:-1, max-image-preview:large, max-video-preview:-1\" \/>\n<meta property=\"og:locale\" content=\"en_US\" \/>\n<meta property=\"og:type\" content=\"article\" \/>\n<meta property=\"og:title\" content=\"Pol\u00edtica de privacidade - Add Batres Genealogy Services\" \/>\n<meta property=\"og:description\" content=\"Consulte nossa pol\u00edtica para saber mais sobre como coletamos, usamos e protegemos seus dados.\" \/>\n<meta property=\"og:url\" content=\"https:\/\/add-batres.com\/br\/politica-de-privacidade\/\" \/>\n<meta property=\"og:site_name\" content=\"ADD Batres\" \/>\n<meta property=\"article:modified_time\" content=\"2026-02-04T09:43:48+00:00\" \/>\n<meta name=\"twitter:card\" content=\"summary_large_image\" \/>\n<meta name=\"twitter:label1\" content=\"Est. reading time\" \/>\n\t<meta name=\"twitter:data1\" content=\"6 minutes\" \/>\n<script type=\"application\/ld+json\" class=\"yoast-schema-graph\">{\"@context\":\"https:\/\/schema.org\",\"@graph\":[{\"@type\":\"WebPage\",\"@id\":\"https:\/\/add-batres.com\/br\/politica-de-privacidade\/\",\"url\":\"https:\/\/add-batres.com\/br\/politica-de-privacidade\/\",\"name\":\"Pol\u00edtica de privacidade - Add Batres Genealogy Services\",\"isPartOf\":{\"@id\":\"https:\/\/add-batres.com\/br\/#website\"},\"datePublished\":\"2024-06-20T13:51:26+00:00\",\"dateModified\":\"2026-02-04T09:43:48+00:00\",\"description\":\"Consulte nossa pol\u00edtica para saber mais sobre como coletamos, usamos e protegemos seus dados.\",\"breadcrumb\":{\"@id\":\"https:\/\/add-batres.com\/br\/politica-de-privacidade\/#breadcrumb\"},\"inLanguage\":\"en-US\",\"potentialAction\":[{\"@type\":\"ReadAction\",\"target\":[\"https:\/\/add-batres.com\/br\/politica-de-privacidade\/\"]}]},{\"@type\":\"BreadcrumbList\",\"@id\":\"https:\/\/add-batres.com\/br\/politica-de-privacidade\/#breadcrumb\",\"itemListElement\":[{\"@type\":\"ListItem\",\"position\":1,\"name\":\"Accueil\",\"item\":\"https:\/\/add-batres.com\/br\/\"},{\"@type\":\"ListItem\",\"position\":2,\"name\":\"Pol\u00edtica de privacidade\"}]},{\"@type\":\"WebSite\",\"@id\":\"https:\/\/add-batres.com\/br\/#website\",\"url\":\"https:\/\/add-batres.com\/br\/\",\"name\":\"ADD Batres\",\"description\":\"\",\"publisher\":{\"@id\":\"https:\/\/add-batres.com\/br\/#organization\"},\"potentialAction\":[{\"@type\":\"SearchAction\",\"target\":{\"@type\":\"EntryPoint\",\"urlTemplate\":\"https:\/\/add-batres.com\/br\/?s={search_term_string}\"},\"query-input\":{\"@type\":\"PropertyValueSpecification\",\"valueRequired\":true,\"valueName\":\"search_term_string\"}}],\"inLanguage\":\"en-US\"},{\"@type\":\"Organization\",\"@id\":\"https:\/\/add-batres.com\/br\/#organization\",\"name\":\"ADD Batres\",\"url\":\"https:\/\/add-batres.com\/br\/\",\"logo\":{\"@type\":\"ImageObject\",\"inLanguage\":\"en-US\",\"@id\":\"https:\/\/add-batres.com\/br\/#\/schema\/logo\/image\/\",\"url\":\"https:\/\/add-batres.com\/br\/wp-content\/uploads\/2025\/12\/add_batres_logo.svg\",\"contentUrl\":\"https:\/\/add-batres.com\/br\/wp-content\/uploads\/2025\/12\/add_batres_logo.svg\",\"width\":671,\"height\":303,\"caption\":\"ADD Batres\"},\"image\":{\"@id\":\"https:\/\/add-batres.com\/br\/#\/schema\/logo\/image\/\"}}]}<\/script>\n<!-- \/ Yoast SEO plugin. -->","yoast_head_json":{"title":"Pol\u00edtica de privacidade - Add Batres Genealogy Services","description":"Consulte nossa pol\u00edtica para saber mais sobre como coletamos, usamos e protegemos seus dados.","robots":{"index":"noindex","follow":"follow","max-snippet":"max-snippet:-1","max-image-preview":"max-image-preview:large","max-video-preview":"max-video-preview:-1"},"og_locale":"en_US","og_type":"article","og_title":"Pol\u00edtica de privacidade - Add Batres Genealogy Services","og_description":"Consulte nossa pol\u00edtica para saber mais sobre como coletamos, usamos e protegemos seus dados.","og_url":"https:\/\/add-batres.com\/br\/politica-de-privacidade\/","og_site_name":"ADD Batres","article_modified_time":"2026-02-04T09:43:48+00:00","twitter_card":"summary_large_image","twitter_misc":{"Est. reading time":"6 minutes"},"schema":{"@context":"https:\/\/schema.org","@graph":[{"@type":"WebPage","@id":"https:\/\/add-batres.com\/br\/politica-de-privacidade\/","url":"https:\/\/add-batres.com\/br\/politica-de-privacidade\/","name":"Pol\u00edtica de privacidade - Add Batres Genealogy Services","isPartOf":{"@id":"https:\/\/add-batres.com\/br\/#website"},"datePublished":"2024-06-20T13:51:26+00:00","dateModified":"2026-02-04T09:43:48+00:00","description":"Consulte nossa pol\u00edtica para saber mais sobre como coletamos, usamos e protegemos seus dados.","breadcrumb":{"@id":"https:\/\/add-batres.com\/br\/politica-de-privacidade\/#breadcrumb"},"inLanguage":"en-US","potentialAction":[{"@type":"ReadAction","target":["https:\/\/add-batres.com\/br\/politica-de-privacidade\/"]}]},{"@type":"BreadcrumbList","@id":"https:\/\/add-batres.com\/br\/politica-de-privacidade\/#breadcrumb","itemListElement":[{"@type":"ListItem","position":1,"name":"Accueil","item":"https:\/\/add-batres.com\/br\/"},{"@type":"ListItem","position":2,"name":"Pol\u00edtica de privacidade"}]},{"@type":"WebSite","@id":"https:\/\/add-batres.com\/br\/#website","url":"https:\/\/add-batres.com\/br\/","name":"ADD Batres","description":"","publisher":{"@id":"https:\/\/add-batres.com\/br\/#organization"},"potentialAction":[{"@type":"SearchAction","target":{"@type":"EntryPoint","urlTemplate":"https:\/\/add-batres.com\/br\/?s={search_term_string}"},"query-input":{"@type":"PropertyValueSpecification","valueRequired":true,"valueName":"search_term_string"}}],"inLanguage":"en-US"},{"@type":"Organization","@id":"https:\/\/add-batres.com\/br\/#organization","name":"ADD Batres","url":"https:\/\/add-batres.com\/br\/","logo":{"@type":"ImageObject","inLanguage":"en-US","@id":"https:\/\/add-batres.com\/br\/#\/schema\/logo\/image\/","url":"https:\/\/add-batres.com\/br\/wp-content\/uploads\/2025\/12\/add_batres_logo.svg","contentUrl":"https:\/\/add-batres.com\/br\/wp-content\/uploads\/2025\/12\/add_batres_logo.svg","width":671,"height":303,"caption":"ADD Batres"},"image":{"@id":"https:\/\/add-batres.com\/br\/#\/schema\/logo\/image\/"}}]}},"_links":{"self":[{"href":"https:\/\/add-batres.com\/br\/wp-json\/wp\/v2\/pages\/3","targetHints":{"allow":["GET"]}}],"collection":[{"href":"https:\/\/add-batres.com\/br\/wp-json\/wp\/v2\/pages"}],"about":[{"href":"https:\/\/add-batres.com\/br\/wp-json\/wp\/v2\/types\/page"}],"author":[{"embeddable":true,"href":"https:\/\/add-batres.com\/br\/wp-json\/wp\/v2\/users\/1"}],"replies":[{"embeddable":true,"href":"https:\/\/add-batres.com\/br\/wp-json\/wp\/v2\/comments?post=3"}],"version-history":[{"count":30,"href":"https:\/\/add-batres.com\/br\/wp-json\/wp\/v2\/pages\/3\/revisions"}],"predecessor-version":[{"id":2994,"href":"https:\/\/add-batres.com\/br\/wp-json\/wp\/v2\/pages\/3\/revisions\/2994"}],"wp:attachment":[{"href":"https:\/\/add-batres.com\/br\/wp-json\/wp\/v2\/media?parent=3"}],"curies":[{"name":"wp","href":"https:\/\/api.w.org\/{rel}","templated":true}]}}