{"id":1681,"date":"2024-07-02T22:22:37","date_gmt":"2024-07-02T20:22:37","guid":{"rendered":"https:\/\/batresgenealogy.com\/br\/?page_id=1681"},"modified":"2026-02-04T10:45:00","modified_gmt":"2026-02-04T09:45:00","slug":"informacoes-legais","status":"publish","type":"page","link":"https:\/\/add-batres.com\/br\/informacoes-legais\/","title":{"rendered":"Informa\u00e7\u00f5es legais"},"content":{"rendered":"\t\t<div data-elementor-type=\"wp-page\" data-elementor-id=\"1681\" class=\"elementor elementor-1681\">\n\t\t\t\t<div class=\"elementor-element elementor-element-7b681b5d e-flex e-con-boxed e-con e-parent\" data-id=\"7b681b5d\" data-element_type=\"container\">\n\t\t\t\t\t<div class=\"e-con-inner\">\n\t\t\t\t<div class=\"elementor-element elementor-element-fe98d20 elementor-widget elementor-widget-text-editor\" data-id=\"fe98d20\" data-element_type=\"widget\" data-widget_type=\"text-editor.default\">\n\t\t\t\t<div class=\"elementor-widget-container\">\n\t\t\t\t\t\t\t\t\t\n<div class=\"wp-block-spacer\" style=\"height: 38px;\" aria-hidden=\"true\">\u00a0<\/div>\n\n<p><strong>Informa\u00e7\u00f5es do editor<\/strong><\/p>\n\n<p>Nome da empresa : Maria Gabriela Batres<\/p>\n\n<p>Diretor da Editora : Maria Gabriela Batres<\/p>\n\n<p>Escrit\u00f3rio registrado : Maipu 1210, 8\u00ba andar, C1006ACT Buenos Aires, ARGENTINA<\/p>\n\n<p>N\u00famero de telefone : +54.11.4872.8122<\/p>\n\n<p>E-mail : <a href=\"mailto:info@add-batres.com\">info@add-batres.com<\/a><\/p>\n\n<p>N\u00famero de IVA da Intracom : 27-24564171-6<\/p>\n\n<div class=\"wp-block-spacer\" style=\"height: 38px;\" aria-hidden=\"true\">\u00a0<\/div>\n\n<p><strong>Informa\u00e7\u00f5es sobre o designer<\/strong><\/p>\n\n<p>Nome da empresa : <a href=\"https:\/\/naxialis.com\/\" target=\"_blank\" rel=\"noopener\">Naxialis<\/a><\/p>\n\n<p>Sede registrada : 10 Grande 91410 Authon La plaine.<\/p>\n<p><\/p>\n<p>Email : contact@naxialis.com<\/p>\n\n<div class=\"wp-block-spacer\" style=\"height: 38px;\" aria-hidden=\"true\">\u00a0<\/div>\n\n<p><strong>Informa\u00e7\u00f5es sobre hospedagem:<\/strong><\/p>\n\n<p>Nome da empresa : <a href=\"https:\/\/www.ovhcloud.com\/fr\/\" target=\"_blank\" rel=\"noreferrer noopener\">OVH<\/a><\/p>\n\n<p>Sede registrada : 2 rue Kellermann &#8211; 59100 Roubaix &#8211; Fran\u00e7a Telefone: 0972101007<\/p>\n\n<div class=\"wp-block-spacer\" style=\"height: 38px;\" aria-hidden=\"true\">\u00a0<\/div>\n\n<p><strong>Cr\u00e9ditos das fotos<\/strong><\/p>\n\n<p>Yanalya, Priscilla du Preez, FREEPIK.<\/p>\n\t\t\t\t\t\t\t\t<\/div>\n\t\t\t\t<\/div>\n\t\t\t\t\t<\/div>\n\t\t\t\t<\/div>\n\t\t\t\t<\/div>\n\t\t","protected":false},"excerpt":{"rendered":"<p>Informa\u00e7\u00f5es do editor Nome da empresa : Maria Gabriela Batres Diretor da Editora : Maria Gabriela Batres Escrit\u00f3rio registrado : Maipu 1210, 8\u00ba andar, C1006ACT Buenos Aires, ARGENTINA N\u00famero de telefone : +54.11.4872.8122 E-mail : info@add-batres.com N\u00famero de IVA da Intracom : 27-24564171-6 Informa\u00e7\u00f5es sobre o designer Nome da empresa : Naxialis Sede registrada : [&hellip;]<\/p>\n","protected":false},"author":1,"featured_media":0,"parent":0,"menu_order":0,"comment_status":"closed","ping_status":"closed","template":"page-templates\/full-legal.php","meta":{"inline_featured_image":false,"footnotes":""},"class_list":["post-1681","page","type-page","status-publish","hentry"],"yoast_head":"<!-- This site is optimized with the Yoast SEO plugin v25.4 - https:\/\/yoast.com\/wordpress\/plugins\/seo\/ -->\n<title>Informa\u00e7\u00f5es jur\u00eddicas - add Batres<\/title>\n<meta name=\"description\" content=\"Informa\u00e7\u00f5es legais sobre os Servi\u00e7os de Genealogia da Batres, nossos compromissos legais e nossos termos de uso.\" \/>\n<meta name=\"robots\" content=\"noindex, follow, max-snippet:-1, max-image-preview:large, max-video-preview:-1\" \/>\n<meta property=\"og:locale\" content=\"en_US\" \/>\n<meta property=\"og:type\" content=\"article\" \/>\n<meta property=\"og:title\" content=\"Informa\u00e7\u00f5es jur\u00eddicas - add Batres\" \/>\n<meta property=\"og:description\" content=\"Informa\u00e7\u00f5es legais sobre os Servi\u00e7os de Genealogia da Batres, nossos compromissos legais e nossos termos de uso.\" \/>\n<meta property=\"og:url\" content=\"https:\/\/add-batres.com\/br\/informacoes-legais\/\" \/>\n<meta property=\"og:site_name\" content=\"ADD Batres\" \/>\n<meta property=\"article:modified_time\" content=\"2026-02-04T09:45:00+00:00\" \/>\n<meta name=\"twitter:card\" content=\"summary_large_image\" \/>\n<meta name=\"twitter:label1\" content=\"Est. reading time\" \/>\n\t<meta name=\"twitter:data1\" content=\"1 minute\" \/>\n<script type=\"application\/ld+json\" class=\"yoast-schema-graph\">{\"@context\":\"https:\/\/schema.org\",\"@graph\":[{\"@type\":\"WebPage\",\"@id\":\"https:\/\/add-batres.com\/br\/informacoes-legais\/\",\"url\":\"https:\/\/add-batres.com\/br\/informacoes-legais\/\",\"name\":\"Informa\u00e7\u00f5es jur\u00eddicas - add Batres\",\"isPartOf\":{\"@id\":\"https:\/\/add-batres.com\/br\/#website\"},\"datePublished\":\"2024-07-02T20:22:37+00:00\",\"dateModified\":\"2026-02-04T09:45:00+00:00\",\"description\":\"Informa\u00e7\u00f5es legais sobre os Servi\u00e7os de Genealogia da Batres, nossos compromissos legais e nossos termos de uso.\",\"breadcrumb\":{\"@id\":\"https:\/\/add-batres.com\/br\/informacoes-legais\/#breadcrumb\"},\"inLanguage\":\"en-US\",\"potentialAction\":[{\"@type\":\"ReadAction\",\"target\":[\"https:\/\/add-batres.com\/br\/informacoes-legais\/\"]}]},{\"@type\":\"BreadcrumbList\",\"@id\":\"https:\/\/add-batres.com\/br\/informacoes-legais\/#breadcrumb\",\"itemListElement\":[{\"@type\":\"ListItem\",\"position\":1,\"name\":\"Accueil\",\"item\":\"https:\/\/add-batres.com\/br\/\"},{\"@type\":\"ListItem\",\"position\":2,\"name\":\"Informa\u00e7\u00f5es legais\"}]},{\"@type\":\"WebSite\",\"@id\":\"https:\/\/add-batres.com\/br\/#website\",\"url\":\"https:\/\/add-batres.com\/br\/\",\"name\":\"ADD Batres\",\"description\":\"\",\"publisher\":{\"@id\":\"https:\/\/add-batres.com\/br\/#organization\"},\"potentialAction\":[{\"@type\":\"SearchAction\",\"target\":{\"@type\":\"EntryPoint\",\"urlTemplate\":\"https:\/\/add-batres.com\/br\/?s={search_term_string}\"},\"query-input\":{\"@type\":\"PropertyValueSpecification\",\"valueRequired\":true,\"valueName\":\"search_term_string\"}}],\"inLanguage\":\"en-US\"},{\"@type\":\"Organization\",\"@id\":\"https:\/\/add-batres.com\/br\/#organization\",\"name\":\"ADD Batres\",\"url\":\"https:\/\/add-batres.com\/br\/\",\"logo\":{\"@type\":\"ImageObject\",\"inLanguage\":\"en-US\",\"@id\":\"https:\/\/add-batres.com\/br\/#\/schema\/logo\/image\/\",\"url\":\"https:\/\/add-batres.com\/br\/wp-content\/uploads\/2025\/12\/add_batres_logo.svg\",\"contentUrl\":\"https:\/\/add-batres.com\/br\/wp-content\/uploads\/2025\/12\/add_batres_logo.svg\",\"width\":671,\"height\":303,\"caption\":\"ADD Batres\"},\"image\":{\"@id\":\"https:\/\/add-batres.com\/br\/#\/schema\/logo\/image\/\"}}]}<\/script>\n<!-- \/ Yoast SEO plugin. -->","yoast_head_json":{"title":"Informa\u00e7\u00f5es jur\u00eddicas - add Batres","description":"Informa\u00e7\u00f5es legais sobre os Servi\u00e7os de Genealogia da Batres, nossos compromissos legais e nossos termos de uso.","robots":{"index":"noindex","follow":"follow","max-snippet":"max-snippet:-1","max-image-preview":"max-image-preview:large","max-video-preview":"max-video-preview:-1"},"og_locale":"en_US","og_type":"article","og_title":"Informa\u00e7\u00f5es jur\u00eddicas - add Batres","og_description":"Informa\u00e7\u00f5es legais sobre os Servi\u00e7os de Genealogia da Batres, nossos compromissos legais e nossos termos de uso.","og_url":"https:\/\/add-batres.com\/br\/informacoes-legais\/","og_site_name":"ADD Batres","article_modified_time":"2026-02-04T09:45:00+00:00","twitter_card":"summary_large_image","twitter_misc":{"Est. reading time":"1 minute"},"schema":{"@context":"https:\/\/schema.org","@graph":[{"@type":"WebPage","@id":"https:\/\/add-batres.com\/br\/informacoes-legais\/","url":"https:\/\/add-batres.com\/br\/informacoes-legais\/","name":"Informa\u00e7\u00f5es jur\u00eddicas - add Batres","isPartOf":{"@id":"https:\/\/add-batres.com\/br\/#website"},"datePublished":"2024-07-02T20:22:37+00:00","dateModified":"2026-02-04T09:45:00+00:00","description":"Informa\u00e7\u00f5es legais sobre os Servi\u00e7os de Genealogia da Batres, nossos compromissos legais e nossos termos de uso.","breadcrumb":{"@id":"https:\/\/add-batres.com\/br\/informacoes-legais\/#breadcrumb"},"inLanguage":"en-US","potentialAction":[{"@type":"ReadAction","target":["https:\/\/add-batres.com\/br\/informacoes-legais\/"]}]},{"@type":"BreadcrumbList","@id":"https:\/\/add-batres.com\/br\/informacoes-legais\/#breadcrumb","itemListElement":[{"@type":"ListItem","position":1,"name":"Accueil","item":"https:\/\/add-batres.com\/br\/"},{"@type":"ListItem","position":2,"name":"Informa\u00e7\u00f5es legais"}]},{"@type":"WebSite","@id":"https:\/\/add-batres.com\/br\/#website","url":"https:\/\/add-batres.com\/br\/","name":"ADD Batres","description":"","publisher":{"@id":"https:\/\/add-batres.com\/br\/#organization"},"potentialAction":[{"@type":"SearchAction","target":{"@type":"EntryPoint","urlTemplate":"https:\/\/add-batres.com\/br\/?s={search_term_string}"},"query-input":{"@type":"PropertyValueSpecification","valueRequired":true,"valueName":"search_term_string"}}],"inLanguage":"en-US"},{"@type":"Organization","@id":"https:\/\/add-batres.com\/br\/#organization","name":"ADD Batres","url":"https:\/\/add-batres.com\/br\/","logo":{"@type":"ImageObject","inLanguage":"en-US","@id":"https:\/\/add-batres.com\/br\/#\/schema\/logo\/image\/","url":"https:\/\/add-batres.com\/br\/wp-content\/uploads\/2025\/12\/add_batres_logo.svg","contentUrl":"https:\/\/add-batres.com\/br\/wp-content\/uploads\/2025\/12\/add_batres_logo.svg","width":671,"height":303,"caption":"ADD Batres"},"image":{"@id":"https:\/\/add-batres.com\/br\/#\/schema\/logo\/image\/"}}]}},"_links":{"self":[{"href":"https:\/\/add-batres.com\/br\/wp-json\/wp\/v2\/pages\/1681","targetHints":{"allow":["GET"]}}],"collection":[{"href":"https:\/\/add-batres.com\/br\/wp-json\/wp\/v2\/pages"}],"about":[{"href":"https:\/\/add-batres.com\/br\/wp-json\/wp\/v2\/types\/page"}],"author":[{"embeddable":true,"href":"https:\/\/add-batres.com\/br\/wp-json\/wp\/v2\/users\/1"}],"replies":[{"embeddable":true,"href":"https:\/\/add-batres.com\/br\/wp-json\/wp\/v2\/comments?post=1681"}],"version-history":[{"count":12,"href":"https:\/\/add-batres.com\/br\/wp-json\/wp\/v2\/pages\/1681\/revisions"}],"predecessor-version":[{"id":2997,"href":"https:\/\/add-batres.com\/br\/wp-json\/wp\/v2\/pages\/1681\/revisions\/2997"}],"wp:attachment":[{"href":"https:\/\/add-batres.com\/br\/wp-json\/wp\/v2\/media?parent=1681"}],"curies":[{"name":"wp","href":"https:\/\/api.w.org\/{rel}","templated":true}]}}